{"id":2,"date":"2026-03-02T17:22:16","date_gmt":"2026-03-02T16:22:16","guid":{"rendered":"https:\/\/td-cleliepradeau.mmidev.fr\/?page_id=2"},"modified":"2026-03-25T18:11:06","modified_gmt":"2026-03-25T17:11:06","slug":"page-d-exemple","status":"publish","type":"page","link":"https:\/\/td-cleliepradeau.mmidev.fr\/","title":{"rendered":"Page d\u2019exemple"},"content":{"rendered":"<div class=\"wpb-content-wrapper\"><p>[vc_row][vc_column]\n\t\t\t\t<p class=\"rs-p-wp-fix\"><\/p>\n\t\t\t\t<sr7-module data-alias=\"slider-1\" data-id=\"1\" id=\"SR7_1_1\" class=\"rs-ov-hidden\" data-version=\"6.7.40\">\n\t\t\t\t\t<sr7-adjuster><\/sr7-adjuster>\n\t\t\t\t\t<sr7-content>\n\t\t\t\t\t\t<sr7-slide id=\"SR7_1_1-1\" data-key=\"1\">\n\t\t\t\t\t\t\t<sr7-bg id=\"SR7_1_1-1-5\" class=\"sr7-layer\"><noscript><img decoding=\"async\" src=\"https:\/\/td-cleliepradeau.mmidev.fr\/wp-content\/uploads\/2026\/03\/1-frame%201.png\" alt=\"\" title=\"frame 1\"><\/noscript><\/sr7-bg>\n\t\t\t\t\t\t\t<sr7-txt id=\"SR7_1_1-1-1\" class=\"sr7-layer\">Festival de la coupe mulet 2026<\/sr7-txt>\n\t\t\t\t\t\t\t<sr7-txt id=\"SR7_1_1-1-3\" class=\"sr7-layer\">Le plus grand rassemblement d\u00e9di\u00e9 \u00e0 la coupe mulet en France. Deux jours de festivit\u00e9s, de musique et de c\u00e9l\u00e9bration de la culture r\u00e9tro!<\/sr7-txt>\n\t\t\t\t\t\t\t<sr7-txt id=\"SR7_1_1-1-4\" class=\"sr7-layer\">Business \u00e0 l'avant, Party \u00e0 l'arri\u00e8re!<\/sr7-txt>\n\t\t\t\t\t\t<\/sr7-slide>\n\t\t\t\t\t\t<sr7-slide id=\"SR7_1_1-3\" data-key=\"3\">\n\t\t\t\t\t\t\t<sr7-bg id=\"SR7_1_1-3-11\" class=\"sr7-layer\"><noscript><img decoding=\"async\" src=\"https:\/\/td-cleliepradeau.mmidev.fr\/wp-content\/uploads\/2026\/03\/1-frame%202.png\" alt=\"\" title=\"frame 2\"><\/noscript><\/sr7-bg>\n\t\t\t\t\t\t\t<sr7-txt id=\"SR7_1_1-3-5\" class=\"sr7-layer\">5 - 6 Septembre 2026<\/sr7-txt>\n\t\t\t\t\t\t\t<sr7-txt id=\"SR7_1_1-3-6\" class=\"sr7-layer\">Un week-end complet pour c\u00e9l\u00e9brer le mulet sous toutes ses formes!<\/sr7-txt>\n\t\t\t\t\t\t\t<sr7-txt id=\"SR7_1_1-3-7\" class=\"sr7-layer\">Dates & Horaires<\/sr7-txt>\n\t\t\t\t\t\t\t<sr7-txt id=\"SR7_1_1-3-9\" class=\"sr7-layer\"><i class=\"fa-circle\" style=\"color: #FF9900\"><\/i>  Samedi 5 Septembre : 11h00 - 03h00<\/sr7-txt>\n\t\t\t\t\t\t\t<sr7-txt id=\"SR7_1_1-3-10\" class=\"sr7-layer\"><i class=\"fa-circle\" style=\"color: #FF9900\"><\/i>  Dimanche 6 Septembre : 11h00 - 18h00<\/sr7-txt>\n\t\t\t\t\t\t<\/sr7-slide>\n\t\t\t\t\t\t<sr7-slide id=\"SR7_1_1-4\" data-key=\"4\">\n\t\t\t\t\t\t\t<sr7-bg id=\"SR7_1_1-4-21\" class=\"sr7-layer\"><noscript><img decoding=\"async\" src=\"https:\/\/td-cleliepradeau.mmidev.fr\/wp-content\/uploads\/2026\/03\/1-frame%203.png\" alt=\"\" title=\"frame 3\"><\/noscript><\/sr7-bg>\n\t\t\t\t\t\t\t<sr7-txt id=\"SR7_1_1-4-15\" class=\"sr7-layer\">Le Moulin de Piot, Ch\u00e9niers, Creuse<\/sr7-txt>\n\t\t\t\t\t\t\t<sr7-txt id=\"SR7_1_1-4-16\" class=\"sr7-layer\">Lieu du Festival<\/sr7-txt>\n\t\t\t\t\t\t\t<sr7-txt id=\"SR7_1_1-4-17\" class=\"sr7-layer\">\ud83c\udfde\ufe0f Site historique typique de la Creuse<\/sr7-txt>\n\t\t\t\t\t\t\t<sr7-txt id=\"SR7_1_1-4-18\" class=\"sr7-layer\">\ud83c\udf3f Cadre naturel en bord de rivi\u00e8re<\/sr7-txt>\n\t\t\t\t\t\t\t<sr7-txt id=\"SR7_1_1-4-20\" class=\"sr7-layer\">\ud83d\ude97 Acc\u00e8s facile + parking visiteurs<\/sr7-txt>\n\t\t\t\t\t\t<\/sr7-slide>\n\t\t\t\t\t\t<sr7-slide id=\"SR7_1_1-5\" data-key=\"5\">\n\t\t\t\t\t\t\t<sr7-bg id=\"SR7_1_1-5-23\" class=\"sr7-layer\"><noscript><img decoding=\"async\" src=\"https:\/\/td-cleliepradeau.mmidev.fr\/wp-content\/uploads\/2026\/03\/frame-4.png\" alt=\"\" title=\"frame 4\"><\/noscript><\/sr7-bg>\n\t\t\t\t\t\t\t<sr7-txt id=\"SR7_1_1-5-0\" class=\"sr7-layer\">R\u00e9servez votre week-end au Championnat d\u2019Europe de Mulet<\/sr7-txt>\n\t\t\t\t\t\t\t<sr7-txt id=\"SR7_1_1-5-11\" class=\"sr7-layer\"><i class=\"fa-circle\" style=\"color: #FF9900\"><\/i>  gratuit pour les moins de 12 ans<\/sr7-txt>\n\t\t\t\t\t\t\t<sr7-txt id=\"SR7_1_1-5-12\" class=\"sr7-layer\"><i class=\"fa-circle\" style=\"color: #FF9900\"><\/i>  entr\u00e9e 20 euros, coupe mulet ou pas<\/sr7-txt>\n\t\t\t\t\t\t\t<sr7-txt id=\"SR7_1_1-5-13\" class=\"sr7-layer\">Toute sortie sera d\u00e9finitive apr\u00e8s 18 heures (le samedi)<\/sr7-txt>\n\t\t\t\t\t\t\t<sr7-txt id=\"SR7_1_1-5-14\" class=\"sr7-layer\">Billetterie<\/sr7-txt>\n\t\t\t\t\t\t\t<sr7-txt id=\"SR7_1_1-5-22\" class=\"sr7-layer\">R\u00e9server<\/sr7-txt>\n\t\t\t\t\t\t<\/sr7-slide>\n\t\t\t\t\t\t<sr7-slide id=\"SR7_1_1-2\" data-key=\"2\">\n\t\t\t\t\t\t<\/sr7-slide>\n\t\t\t\t\t<\/sr7-content>\n\t\t\t\t\t<image_lists style=\"display:none\">\n\t\t\t\t\t\t<img data-src=\"\/\/td-cleliepradeau.mmidev.fr\/wp-content\/uploads\/2026\/03\/1-frame%201.png\" data-libid=\"61\" data-lib=\"medialibrary\" title=\"frame 1\" width=\"0\" height=\"0\" data-dbsrc=\"Ly90ZC1jbGVsaWVwcmFkZWF1Lm1taWRldi5mci93cC1jb250ZW50L3VwbG9hZHMvMjAyNi8wMy8xLWZyYW1lJTIwMS5wbmc=\"\/>\n\t\t\t\t\t\t<img data-src=\"\/\/td-cleliepradeau.mmidev.fr\/wp-content\/uploads\/2026\/03\/1-frame%202.png\" data-libid=\"66\" data-lib=\"medialibrary\" title=\"frame 2\" width=\"0\" height=\"0\" data-dbsrc=\"Ly90ZC1jbGVsaWVwcmFkZWF1Lm1taWRldi5mci93cC1jb250ZW50L3VwbG9hZHMvMjAyNi8wMy8xLWZyYW1lJTIwMi5wbmc=\"\/>\n\t\t\t\t\t\t<img data-src=\"\/\/td-cleliepradeau.mmidev.fr\/wp-content\/uploads\/2026\/03\/1-frame%203.png\" data-libid=\"63\" data-lib=\"medialibrary\" title=\"frame 3\" width=\"0\" height=\"0\" data-dbsrc=\"Ly90ZC1jbGVsaWVwcmFkZWF1Lm1taWRldi5mci93cC1jb250ZW50L3VwbG9hZHMvMjAyNi8wMy8xLWZyYW1lJTIwMy5wbmc=\"\/>\n\t\t\t\t\t\t<img data-src=\"\/\/td-cleliepradeau.mmidev.fr\/wp-content\/uploads\/2026\/03\/frame-4.png\" data-libid=\"79\" data-lib=\"medialibrary\" title=\"frame 4\" width=\"0\" height=\"0\" data-dbsrc=\"Ly90ZC1jbGVsaWVwcmFkZWF1Lm1taWRldi5mci93cC1jb250ZW50L3VwbG9hZHMvMjAyNi8wMy9mcmFtZS00LnBuZw==\"\/>\n\t\t\t\t\t<\/image_lists>\n\t\t\t\t<\/sr7-module>\n\t\t\t\t<script>\n\t\t\t\t\tSR7.PMH ??={}; SR7.PMH[\"SR7_1_1\"] = {cn:100,state:false,fn: function() { if (_tpt!==undefined && _tpt.prepareModuleHeight !== undefined) {  _tpt.prepareModuleHeight({id:\"SR7_1_1\",el:[900,900,768,960,720],type:'standard',shdw:'0',gh:[900,900,743,565,349],gw:[1240,1240,1024,778,480],vpt:['-100px'],size:{fullWidth:true, fullHeight:false},mh:'0',onh:0,onw:0,bg:{color:'{\"orig\":\"transparent\",\"type\":\"solid\",\"string\":\"transparent\"}'}});   SR7.PMH[\"SR7_1_1\"].state=true;} else if(SR7.PMH[\"SR7_1_1\"].cn-->0)\tsetTimeout( SR7.PMH[\"SR7_1_1\"].fn,19);}};SR7.PMH[\"SR7_1_1\" ].fn();\n\t\t\t\t<\/script>\n\n\t\t\t\t<p class=\"rs-p-wp-fix\"><\/p>\n\t\t\t\t<sr7-module data-alias=\"slider-2\" data-id=\"2\" id=\"SR7_2_2\" class=\"rs-ov-hidden\" data-version=\"6.7.40\">\n\t\t\t\t\t<sr7-adjuster><\/sr7-adjuster>\n\t\t\t\t\t<sr7-content>\n\t\t\t\t\t\t<sr7-slide id=\"SR7_2_2-7\" data-key=\"7\">\n\t\t\t\t\t\t\t<sr7-txt id=\"SR7_2_2-7-5\" class=\"sr7-layer\">Immortalisez le moment!<\/sr7-txt>\n\t\t\t\t\t\t\t<sr7-txt id=\"SR7_2_2-7-6\" class=\"sr7-layer\">Un week-end complet pour c\u00e9l\u00e9brer le mulet sous toutes ses formes!<\/sr7-txt>\n\t\t\t\t\t\t\t<sr7-txt id=\"SR7_2_2-7-7\" class=\"sr7-layer\">Stand photo<\/sr7-txt>\n\t\t\t\t\t\t\t<sr7-txt id=\"SR7_2_2-7-9\" class=\"sr7-layer\"><i class=\"fa-circle\" style=\"color: #FF9900\"><\/i>  Espace photobooth en libre acc\u00e8s<\/sr7-txt>\n\t\t\t\t\t\t\t<sr7-txt id=\"SR7_2_2-7-10\" class=\"sr7-layer\"><i class=\"fa-circle\" style=\"color: #FF9900\"><\/i>  Dimanche 6 Septembre : 11h00 - 18h00<\/sr7-txt>\n\t\t\t\t\t\t<\/sr7-slide>\n\t\t\t\t\t\t<sr7-slide id=\"SR7_2_2-8\" data-key=\"8\">\n\t\t\t\t\t\t\t<sr7-txt id=\"SR7_2_2-8-33\" class=\"sr7-layer\"><i class=\"fa-circle\" style=\"color: #FF9900\"><\/i>  Styles originaux et d\u00e9cal\u00e9s<\/sr7-txt>\n\t\t\t\t\t\t\t<sr7-txt id=\"SR7_2_2-8-34\" class=\"sr7-layer\"><i class=\"fa-circle\" style=\"color: #FF9900\"><\/i>  Coiffeurs professionnels sur place<\/sr7-txt>\n\t\t\t\t\t\t\t<sr7-txt id=\"SR7_2_2-8-35\" class=\"sr7-layer\">Plusieurs coiffeurs pour passer le cap ou peaufiner ton mulet !\n<\/sr7-txt>\n\t\t\t\t\t\t\t<sr7-txt id=\"SR7_2_2-8-36\" class=\"sr7-layer\"><i class=\"fa-circle\" style=\"color: #FF9900\"><\/i>  Le c\u00e9l\u00e8bre look \u201cmulet\u201d revisit\u00e9<\/sr7-txt>\n\t\t\t\t\t\t\t<sr7-txt id=\"SR7_2_2-8-37\" class=\"sr7-layer\">Stand coiffure<\/sr7-txt>\n\t\t\t\t\t\t<\/sr7-slide>\n\t\t\t\t\t\t<sr7-slide id=\"SR7_2_2-9\" data-key=\"9\">\n\t\t\t\t\t\t\t<sr7-txt id=\"SR7_2_2-9-40\" class=\"sr7-layer\"><i class=\"fa-circle\" style=\"color: #FF9900\"><\/i>  Designs inspir\u00e9s du championnat<\/sr7-txt>\n\t\t\t\t\t\t\t<sr7-txt id=\"SR7_2_2-9-42\" class=\"sr7-layer\">Tatoueur & perceur<\/sr7-txt>\n\t\t\t\t\t\t\t<sr7-txt id=\"SR7_2_2-9-43\" class=\"sr7-layer\"><i class=\"fa-circle\" style=\"color: #FF9900\"><\/i>  Piercing sur place<\/sr7-txt>\n\t\t\t\t\t\t\t<sr7-txt id=\"SR7_2_2-9-44\" class=\"sr7-layer\"><i class=\"fa-circle\" style=\"color: #FF9900\"><\/i>  Tatouages (flashs \/ motifs \u00e9v\u00e9nement)<\/sr7-txt>\n\t\t\t\t\t\t\t<sr7-txt id=\"SR7_2_2-9-45\" class=\"sr7-layer\">Un tatoueur et un perceur pour garder un souvenir ind\u00e9l\u00e9bile du Championnat\u2026<\/sr7-txt>\n\t\t\t\t\t\t<\/sr7-slide>\n\t\t\t\t\t\t<sr7-slide id=\"SR7_2_2-11\" data-key=\"11\">\n\t\t\t\t\t\t\t<sr7-txt id=\"SR7_2_2-11-40\" class=\"sr7-layer\"><i class=\"fa-circle\" style=\"color: #FF9900\"><\/i>  Espaces pour se poser et profiter<\/sr7-txt>\n\t\t\t\t\t\t\t<sr7-txt id=\"SR7_2_2-11-42\" class=\"sr7-layer\">Food & boissons<\/sr7-txt>\n\t\t\t\t\t\t\t<sr7-txt id=\"SR7_2_2-11-43\" class=\"sr7-layer\"><i class=\"fa-circle\" style=\"color: #FF9900\"><\/i>  Buvettes avec boissons fra\u00eeches<\/sr7-txt>\n\t\t\t\t\t\t\t<sr7-txt id=\"SR7_2_2-11-44\" class=\"sr7-layer\"><i class=\"fa-circle\" style=\"color: #FF9900\"><\/i>  Foodtrucks vari\u00e9s (burgers, snacks, sp\u00e9cialit\u00e9s)<\/sr7-txt>\n\t\t\t\t\t\t\t<sr7-txt id=\"SR7_2_2-11-45\" class=\"sr7-layer\">Des foodtrucks pour te restaurer et des buvettes pour t\u2019hydrater !<\/sr7-txt>\n\t\t\t\t\t\t<\/sr7-slide>\n\t\t\t\t\t\t<sr7-slide id=\"SR7_2_2-10\" data-key=\"10\">\n\t\t\t\t\t\t<\/sr7-slide>\n\t\t\t\t\t<\/sr7-content>\n\t\t\t\t\t<image_lists style=\"display:none\">\n\t\t\t\t\t\t<img data-src=\"\/\/td-cleliepradeau.mmidev.fr\/wp-content\/uploads\/2026\/03\/2-frame 6.png\" data-libid=\"70\" title=\"frame 6\" width=\"0\" height=\"0\" data-dbsrc=\"Ly90ZC1jbGVsaWVwcmFkZWF1Lm1taWRldi5mci93cC1jb250ZW50L3VwbG9hZHMvMjAyNi8wMy8yLWZyYW1lIDYucG5n\"\/>\n\t\t\t\t\t\t<img data-src=\"\/\/td-cleliepradeau.mmidev.fr\/wp-content\/uploads\/2026\/03\/1-frame 7.png\" data-libid=\"71\" title=\"frame 7\" width=\"0\" height=\"0\" data-dbsrc=\"Ly90ZC1jbGVsaWVwcmFkZWF1Lm1taWRldi5mci93cC1jb250ZW50L3VwbG9hZHMvMjAyNi8wMy8xLWZyYW1lIDcucG5n\"\/>\n\t\t\t\t\t\t<img data-src=\"\/\/td-cleliepradeau.mmidev.fr\/wp-content\/uploads\/2026\/03\/1-frame 9.png\" data-libid=\"75\" title=\"frame 9\" width=\"0\" height=\"0\" data-dbsrc=\"Ly90ZC1jbGVsaWVwcmFkZWF1Lm1taWRldi5mci93cC1jb250ZW50L3VwbG9hZHMvMjAyNi8wMy8xLWZyYW1lIDkucG5n\"\/>\n\t\t\t\t\t\t<img data-src=\"\/\/td-cleliepradeau.mmidev.fr\/wp-content\/uploads\/2026\/03\/1-frame 10.png\" data-libid=\"76\" title=\"frame 10\" width=\"0\" height=\"0\" data-dbsrc=\"Ly90ZC1jbGVsaWVwcmFkZWF1Lm1taWRldi5mci93cC1jb250ZW50L3VwbG9hZHMvMjAyNi8wMy8xLWZyYW1lIDEwLnBuZw==\"\/>\n\t\t\t\t\t<\/image_lists>\n\t\t\t\t<\/sr7-module>\n\t\t\t\t<script>\n\t\t\t\t\tSR7.PMH ??={}; SR7.PMH[\"SR7_2_2\"] = {cn:100,state:false,fn: function() { if (_tpt!==undefined && _tpt.prepareModuleHeight !== undefined) {  _tpt.prepareModuleHeight({id:\"SR7_2_2\",el:[900,900,768,960,720],type:'standard',shdw:'0',gh:[900,900,743,565,349],gw:[1240,1240,1024,778,480],vpt:['-100px'],size:{fullWidth:true, fullHeight:false},mh:'0',onh:0,onw:0,bg:{color:'{\"orig\":\"transparent\",\"type\":\"solid\",\"string\":\"transparent\"}'}});   SR7.PMH[\"SR7_2_2\"].state=true;} else if(SR7.PMH[\"SR7_2_2\"].cn-->0)\tsetTimeout( SR7.PMH[\"SR7_2_2\"].fn,19);}};SR7.PMH[\"SR7_2_2\" ].fn();\n\t\t\t\t<\/script>\n[\/vc_column][\/vc_row][vc_row][vc_column column_width_use_pixel=\u00a0\u00bbyes\u00a0\u00bb align_horizontal=\u00a0\u00bbalign_center\u00a0\u00bb gutter_size=\u00a0\u00bb3&Prime; back_color=\u00a0\u00bbcolor-jevc\u00a0\u00bb overlay_alpha=\u00a0\u00bb50&Prime; shift_x=\u00a0\u00bb0&Prime; shift_y=\u00a0\u00bb0&Prime; shift_y_down=\u00a0\u00bb0&Prime; z_index=\u00a0\u00bb0&Prime; medium_width=\u00a0\u00bb0&Prime; mobile_width=\u00a0\u00bb0&Prime; width=\u00a0\u00bb1\/1&Prime; uncode_shortcode_id=\u00a0\u00bb436177&Prime; back_color_type=\u00a0\u00bbuncode-palette\u00a0\u00bb column_width_pixel=\u00a0\u00bb1920&Prime;][vc_icon icon_image=\u00a0\u00bb85&Prime; uncode_shortcode_id=\u00a0\u00bb135275&Prime;][\/vc_icon][\/vc_column][\/vc_row]<\/p>\n<\/div>","protected":false},"excerpt":{"rendered":"<p>[vc_row][vc_column][\/vc_column][\/vc_row][vc_row][vc_column column_width_use_pixel=\u00a0\u00bbyes\u00a0\u00bb align_horizontal=\u00a0\u00bbalign_center\u00a0\u00bb gutter_size=\u00a0\u00bb3&Prime; back_color=\u00a0\u00bbcolor-jevc\u00a0\u00bb overlay_alpha=\u00a0\u00bb50&Prime; shift_x=\u00a0\u00bb0&Prime; shift_y=\u00a0\u00bb0&Prime; shift_y_down=\u00a0\u00bb0&Prime; z_index=\u00a0\u00bb0&Prime; medium_width=\u00a0\u00bb0&Prime; mobile_width=\u00a0\u00bb0&Prime; width=\u00a0\u00bb1\/1&Prime; uncode_shortcode_id=\u00a0\u00bb436177&Prime; back_color_type=\u00a0\u00bbuncode-palette\u00a0\u00bb column_width_pixel=\u00a0\u00bb1920&Prime;][vc_icon icon_image=\u00a0\u00bb85&Prime; uncode_shortcode_id=\u00a0\u00bb135275&Prime;][\/vc_icon][\/vc_column][\/vc_row]<\/p>\n","protected":false},"author":1,"featured_media":0,"parent":0,"menu_order":0,"comment_status":"closed","ping_status":"open","template":"","meta":{"footnotes":""},"class_list":["post-2","page","type-page","status-publish","hentry"],"_links":{"self":[{"href":"https:\/\/td-cleliepradeau.mmidev.fr\/index.php?rest_route=\/wp\/v2\/pages\/2","targetHints":{"allow":["GET"]}}],"collection":[{"href":"https:\/\/td-cleliepradeau.mmidev.fr\/index.php?rest_route=\/wp\/v2\/pages"}],"about":[{"href":"https:\/\/td-cleliepradeau.mmidev.fr\/index.php?rest_route=\/wp\/v2\/types\/page"}],"author":[{"embeddable":true,"href":"https:\/\/td-cleliepradeau.mmidev.fr\/index.php?rest_route=\/wp\/v2\/users\/1"}],"replies":[{"embeddable":true,"href":"https:\/\/td-cleliepradeau.mmidev.fr\/index.php?rest_route=%2Fwp%2Fv2%2Fcomments&post=2"}],"version-history":[{"count":10,"href":"https:\/\/td-cleliepradeau.mmidev.fr\/index.php?rest_route=\/wp\/v2\/pages\/2\/revisions"}],"predecessor-version":[{"id":59,"href":"https:\/\/td-cleliepradeau.mmidev.fr\/index.php?rest_route=\/wp\/v2\/pages\/2\/revisions\/59"}],"wp:attachment":[{"href":"https:\/\/td-cleliepradeau.mmidev.fr\/index.php?rest_route=%2Fwp%2Fv2%2Fmedia&parent=2"}],"curies":[{"name":"wp","href":"https:\/\/api.w.org\/{rel}","templated":true}]}}